{"id":165,"date":"2020-09-22T09:02:51","date_gmt":"2020-09-22T06:02:51","guid":{"rendered":"https:\/\/pf.dijitalgozluk.com\/?page_id=165"},"modified":"2023-04-25T17:54:25","modified_gmt":"2023-04-25T14:54:25","slug":"hakkimizda","status":"publish","type":"page","link":"https:\/\/plantfactory.company\/en\/hakkimizda\/","title":{"rendered":"About Us"},"content":{"rendered":"<div class=\"wpb-content-wrapper\"><p>[vc_row type=&#8221;vc_default&#8221; css=&#8221;.vc_custom_1600758056611{padding-top: 60px !important;padding-bottom: 60px !important;}&#8221;][vc_column width=&#8221;1\/2&#8243;]<div id=\"ultimate-heading-532069d7ac1f72c23\" class=\"uvc-heading ult-adjust-bottom-margin ultimate-heading-532069d7ac1f72c23 uvc-4322  uvc-heading-default-font-sizes\" data-hspacer=\"no_spacer\"  data-halign=\"left\" style=\"text-align:left\"><div class=\"uvc-heading-spacer no_spacer\" style=\"top\"><\/div><div class=\"uvc-main-heading ult-responsive\"  data-ultimate-target='.uvc-heading.ultimate-heading-532069d7ac1f72c23 h2'  data-responsive-json-new='{\"font-size\":\"\",\"line-height\":\"\"}' ><h2 style=\"--font-weight:theme;margin-bottom:20px;\">About Us<\/h2><\/div><div class=\"uvc-sub-heading ult-responsive\"  data-ultimate-target='.uvc-heading.ultimate-heading-532069d7ac1f72c23 .uvc-sub-heading '  data-responsive-json-new='{\"font-size\":\"\",\"line-height\":\"\"}'  style=\"font-weight:normal;\">Plant Factory aims to provide the change that agricultural production needs by establishing nature-friendly technological lands in order to enable urban production and to feed our society with healthy, nutritious and delicious plants. Plant Factory, as a provider of final crops and production systems, takes the mission of the research and development activities required to efficient production of medicinal and aromatic plants needed by taking the advantage of technology and science, especially for food products.<\/div><\/div>[\/vc_column][vc_column width=&#8221;1\/2&#8243;]<div id=\"ultimate-heading-527769d7ac1f72c72\" class=\"uvc-heading ult-adjust-bottom-margin ultimate-heading-527769d7ac1f72c72 uvc-2542  uvc-heading-default-font-sizes\" data-hspacer=\"no_spacer\"  data-halign=\"left\" style=\"text-align:left\"><div class=\"uvc-heading-spacer no_spacer\" style=\"top\"><\/div><div class=\"uvc-main-heading ult-responsive\"  data-ultimate-target='.uvc-heading.ultimate-heading-527769d7ac1f72c72 h2'  data-responsive-json-new='{\"font-size\":\"\",\"line-height\":\"\"}' ><h2 style=\"--font-weight:theme;margin-bottom:20px;\">Our Story<\/h2><\/div><div class=\"uvc-sub-heading ult-responsive\"  data-ultimate-target='.uvc-heading.ultimate-heading-527769d7ac1f72c72 .uvc-sub-heading '  data-responsive-json-new='{\"font-size\":\"\",\"line-height\":\"\"}'  style=\"font-weight:normal;\">Since 2014, we have been working hard to engage in agriculture in a closed and controllable environment, and we challenge pesticides, seasons and distant supply chains by establishing vertical lands in the city. On a commercial scale, we produce all year round with 95% less water consumption and 20 times more efficient per square meter. We set new standards to follow all of our crops from seed to your table.<\/div><\/div>[\/vc_column][\/vc_row][vc_row type=&#8221;vc_default&#8221; full_width=&#8221;stretch_row&#8221; bg_type=&#8221;bg_color&#8221; bg_color_value=&#8221;#f4f4f4&#8243; css=&#8221;.vc_custom_1600766835198{padding-top: 60px !important;padding-bottom: 60px !important;}&#8221;][vc_column width=&#8221;1\/2&#8243;][vc_row_inner equal_height=&#8221;yes&#8221;][vc_column_inner width=&#8221;1\/2&#8243; css=&#8221;.vc_custom_1600765885918{padding-right: 15px !important;}&#8221;][vc_single_image image=&#8221;219&#8243; img_size=&#8221;&#8221; image_hovers=&#8221;false&#8221; css=&#8221;.vc_custom_1600763468060{padding-bottom: 30px !important;}&#8221;][vc_single_image image=&#8221;220&#8243; img_size=&#8221;800&#215;540&#8243; image_hovers=&#8221;false&#8221;][\/vc_column_inner][vc_column_inner width=&#8221;1\/2&#8243; css=&#8221;.vc_custom_1600766259174{margin-right: 30px !important;margin-left: 15px !important;padding-top: 20px !important;padding-bottom: 20px !important;background-image: url(https:\/\/pf.dijitalgozluk.com\/wp-content\/uploads\/sites\/60\/2020\/09\/ciftlik-03.jpg?id=222) !important;background-position: center !important;background-repeat: no-repeat !important;background-size: cover !important;}&#8221;][\/vc_column_inner][\/vc_row_inner][\/vc_column][vc_column width=&#8221;1\/2&#8243;]<div id=\"ultimate-heading-333269d7ac1f72cb2\" class=\"uvc-heading ult-adjust-bottom-margin ultimate-heading-333269d7ac1f72cb2 uvc-211  uvc-heading-default-font-sizes\" data-hspacer=\"no_spacer\"  data-halign=\"left\" style=\"text-align:left\"><div class=\"uvc-heading-spacer no_spacer\" style=\"top\"><\/div><div class=\"uvc-main-heading ult-responsive\"  data-ultimate-target='.uvc-heading.ultimate-heading-333269d7ac1f72cb2 h2'  data-responsive-json-new='{\"font-size\":\"\",\"line-height\":\"\"}' ><h2 style=\"--font-weight:theme;margin-bottom:20px;\">Our Farms<\/h2><\/div><div class=\"uvc-sub-heading ult-responsive\"  data-ultimate-target='.uvc-heading.ultimate-heading-333269d7ac1f72cb2 .uvc-sub-heading '  data-responsive-json-new='{\"font-size\":\"\",\"line-height\":\"\"}'  style=\"font-weight:normal;\"><strong>PF001:<\/strong> Our facility, which is based on the Anatolian side of Istanbul, is used for the production and as the R&amp;D center of Plant Factory. Our facility, which has the capacity to produce approximately 5000 crops with the weekly harvest, can also produce special crops such as strawberries and tomatoes apart from green-leafy crops.<\/p>\n<p><strong>PF-GT\u00dc: <\/strong>Gebze Teknik \u00dcniversitesi kamp\u00fcs\u00fc i\u00e7erisinde bulunan PF-GT\u00dc\u2019de fonksiyonel g\u0131da \u00e7al\u0131\u015fmalar\u0131 yap\u0131lmaktad\u0131r. Farkl\u0131 talep veya ihtiyaca y\u00f6nelik besin i\u00e7eri\u011fine sahip \u00fcr\u00fcnlerin \u00fcretim \u00e7al\u0131\u015fmalar\u0131n\u0131n yap\u0131ld\u0131\u011f\u0131 ar-ge tesisimizdir.<\/p>\n<p><strong>PF002-\u0130stinyePark:<\/strong> Plant Factory\u2019nin ilk ticari tesisi olan PF002, \u0130stanbul Avrupa yakas\u0131nda bulunan \u0130stinyePark AVM\u2019nin -4. kat\u0131nda bulunmaktad\u0131r. Y\u0131ll\u0131k 900.000 adet \u00fcretim kapasitesine sahip PF002\u2019de, 20 farkl\u0131 \u00e7e\u015fit sebze yeti\u015ftirilmektedir. G\u00fcnl\u00fck taze hasat edilen binlerce \u00fcr\u00fcn ilgili m\u00fc\u015fterilere ula\u015ft\u0131r\u0131lmaktad\u0131r.<\/div><\/div>[\/vc_column][\/vc_row][vc_row type=&#8221;vc_default&#8221; css=&#8221;.vc_custom_1600767485578{padding-top: 60px !important;padding-bottom: 60px !important;}&#8221;][vc_column][vc_row_inner equal_height=&#8221;yes&#8221;][vc_column_inner width=&#8221;1\/2&#8243; css=&#8221;.vc_custom_1600767557303{padding-bottom: 30px !important;}&#8221;]<div id=\"ultimate-heading-493969d7ac1f72cf3\" class=\"uvc-heading ult-adjust-bottom-margin ultimate-heading-493969d7ac1f72cf3 uvc-279  uvc-heading-default-font-sizes\" data-hspacer=\"no_spacer\"  data-halign=\"left\" style=\"text-align:left\"><div class=\"uvc-heading-spacer no_spacer\" style=\"top\"><\/div><div class=\"uvc-main-heading ult-responsive\"  data-ultimate-target='.uvc-heading.ultimate-heading-493969d7ac1f72cf3 h2'  data-responsive-json-new='{\"font-size\":\"\",\"line-height\":\"\"}' ><h2 style=\"--font-weight:theme;margin-bottom:20px;\">Our Environmental Effect<\/h2><\/div><div class=\"uvc-sub-heading ult-responsive\"  data-ultimate-target='.uvc-heading.ultimate-heading-493969d7ac1f72cf3 .uvc-sub-heading '  data-responsive-json-new='{\"font-size\":\"\",\"line-height\":\"\"}'  style=\"font-weight:normal;margin-bottom:30px;\">Conventional agriculture has a negative effect on our natural resources. Our water resources, soil quality and health are spoiled day by day and increased carbon emission affects all living creatures&#8217; life quality in ill part.<\/div><\/div>[\/vc_column_inner][vc_column_inner width=&#8221;1\/2&#8243; css=&#8221;.vc_custom_1600769457917{padding-bottom: 30px !important;}&#8221;][vc_single_image image=&#8221;220&#8243; img_size=&#8221;800&#215;240&#8243; image_hovers=&#8221;false&#8221;][\/vc_column_inner][vc_column_inner width=&#8221;1\/5&#8243; css=&#8221;.vc_custom_1600768122683{background-color: #f4f4f4 !important;}&#8221;]<div id=\"ultimate-heading-808469d7ac1f72d7e\" class=\"uvc-heading ult-adjust-bottom-margin ultimate-heading-808469d7ac1f72d7e uvc-4275  uvc-heading-default-font-sizes\" data-hspacer=\"icon_only\"  data-halign=\"left\" style=\"text-align:left\"><div class=\"uvc-heading-spacer icon_only\" style=\"margin-top:30px;margin-bottom:5px;\"><div class=\"ult-just-icon-wrapper  \"><div class=\"align-icon\" style=\"text-align:left;\">\n<div class=\"aio-icon none \"  style=\"color:#3cb64a;font-size:20px;\">\n\t<i class=\"fas fa-water\"><\/i>\n<\/div><\/div><\/div><\/div><div class=\"uvc-main-heading ult-responsive\"  data-ultimate-target='.uvc-heading.ultimate-heading-808469d7ac1f72d7e h4'  data-responsive-json-new='{\"font-size\":\"\",\"line-height\":\"\"}' ><h4 style=\"--font-weight:theme;margin-bottom:10px;\">Water<\/h4><\/div><div class=\"uvc-sub-heading ult-responsive\"  data-ultimate-target='.uvc-heading.ultimate-heading-808469d7ac1f72d7e .uvc-sub-heading '  data-responsive-json-new='{\"font-size\":\"desktop:14px;\",\"line-height\":\"desktop:24px;\"}'  style=\"font-weight:normal;margin-bottom:30px;\">70% of our water resources are used for agriculture and 70% of water pollution is caused by agriculture. Recent developments show us that agriculture can\u2019t proceed in this way. Thanks to the closed loop circulation system in Plant Factory facilities, the amount of water used on production is 95% less than the conventional agriculture.<\/div><\/div>[\/vc_column_inner][vc_column_inner width=&#8221;1\/5&#8243;]<div id=\"ultimate-heading-303269d7ac1f72e10\" class=\"uvc-heading ult-adjust-bottom-margin ultimate-heading-303269d7ac1f72e10 uvc-9298  uvc-heading-default-font-sizes\" data-hspacer=\"icon_only\"  data-halign=\"left\" style=\"text-align:left\"><div class=\"uvc-heading-spacer icon_only\" style=\"margin-top:30px;margin-bottom:5px;\"><div class=\"ult-just-icon-wrapper  \"><div class=\"align-icon\" style=\"text-align:left;\">\n<div class=\"aio-icon none \"  style=\"color:#3cb64a;font-size:20px;\">\n\t<i class=\"fas fa-spray-can\"><\/i>\n<\/div><\/div><\/div><\/div><div class=\"uvc-main-heading ult-responsive\"  data-ultimate-target='.uvc-heading.ultimate-heading-303269d7ac1f72e10 h4'  data-responsive-json-new='{\"font-size\":\"\",\"line-height\":\"\"}' ><h4 style=\"--font-weight:theme;margin-bottom:10px;\">Pesticides<\/h4><\/div><div class=\"uvc-sub-heading ult-responsive\"  data-ultimate-target='.uvc-heading.ultimate-heading-303269d7ac1f72e10 .uvc-sub-heading '  data-responsive-json-new='{\"font-size\":\"desktop:14px;\",\"line-height\":\"desktop:24px;\"}'  style=\"font-weight:normal;margin-bottom:30px;\">Overuse of pesticides reduces beneficial microorganisms in soil. Our soils are falling behind about filtering and neutralizing these harmful pesticides day by day. And as a result, the toxicity can\u2019t be prevented. Plant Factory protects both our crops and nature by canceling out pesticide usage.<\/div><\/div>[\/vc_column_inner][vc_column_inner width=&#8221;1\/5&#8243; css=&#8221;.vc_custom_1600768129491{background-color: #f4f4f4 !important;}&#8221;]<div id=\"ultimate-heading-1169d7ac1f72ec6\" class=\"uvc-heading ult-adjust-bottom-margin ultimate-heading-1169d7ac1f72ec6 uvc-7741  uvc-heading-default-font-sizes\" data-hspacer=\"icon_only\"  data-halign=\"left\" style=\"text-align:left\"><div class=\"uvc-heading-spacer icon_only\" style=\"margin-top:30px;margin-bottom:5px;\"><div class=\"ult-just-icon-wrapper  \"><div class=\"align-icon\" style=\"text-align:left;\">\n<div class=\"aio-icon none \"  style=\"color:#3cb64a;font-size:20px;\">\n\t<i class=\"fas fa-mountain\"><\/i>\n<\/div><\/div><\/div><\/div><div class=\"uvc-main-heading ult-responsive\"  data-ultimate-target='.uvc-heading.ultimate-heading-1169d7ac1f72ec6 h4'  data-responsive-json-new='{\"font-size\":\"\",\"line-height\":\"\"}' ><h4 style=\"--font-weight:theme;margin-bottom:10px;\">Land<\/h4><\/div><div class=\"uvc-sub-heading ult-responsive\"  data-ultimate-target='.uvc-heading.ultimate-heading-1169d7ac1f72ec6 .uvc-sub-heading '  data-responsive-json-new='{\"font-size\":\"desktop:14px;\",\"line-height\":\"desktop:24px;\"}'  style=\"font-weight:normal;margin-bottom:30px;\">Cultivated land is a very valuable resource and as the soil health reduces, the nutrition of our food also reduces. Plant Factory is able to produce in a vertical land less than the land area required for conventional agriculture, and all necessary micro and macronutrients are given in full to the crops with closed-loop circulation system.<\/div><\/div>[\/vc_column_inner][vc_column_inner width=&#8221;1\/5&#8243;]<div id=\"ultimate-heading-826169d7ac1f72f86\" class=\"uvc-heading ult-adjust-bottom-margin ultimate-heading-826169d7ac1f72f86 uvc-998  uvc-heading-default-font-sizes\" data-hspacer=\"icon_only\"  data-halign=\"left\" style=\"text-align:left\"><div class=\"uvc-heading-spacer icon_only\" style=\"margin-top:30px;margin-bottom:5px;\"><div class=\"ult-just-icon-wrapper  \"><div class=\"align-icon\" style=\"text-align:left;\">\n<div class=\"aio-icon none \"  style=\"color:#3cb64a;font-size:20px;\">\n\t<i class=\"fas fa-cloud\"><\/i>\n<\/div><\/div><\/div><\/div><div class=\"uvc-main-heading ult-responsive\"  data-ultimate-target='.uvc-heading.ultimate-heading-826169d7ac1f72f86 h4'  data-responsive-json-new='{\"font-size\":\"\",\"line-height\":\"\"}' ><h4 style=\"--font-weight:theme;margin-bottom:10px;\">Carbon Emissions<\/h4><\/div><div class=\"uvc-sub-heading ult-responsive\"  data-ultimate-target='.uvc-heading.ultimate-heading-826169d7ac1f72f86 .uvc-sub-heading '  data-responsive-json-new='{\"font-size\":\"desktop:14px;\",\"line-height\":\"desktop:24px;\"}'  style=\"font-weight:normal;margin-bottom:30px;\">Conventional agriculture for commercial purposes requires an intense energy. From wash drilling to running soil working equipment and to repeated washing of crops in large-scale processing plants, the used machinery and equipment harm our nature. Plant Factory reduces harmful carbon emissions by 98% thanks to its production in urban and without soil.<\/div><\/div>[\/vc_column_inner][vc_column_inner width=&#8221;1\/5&#8243; css=&#8221;.vc_custom_1600768143406{background-color: #f4f4f4 !important;}&#8221;]<div id=\"ultimate-heading-152069d7ac1f73069\" class=\"uvc-heading ult-adjust-bottom-margin ultimate-heading-152069d7ac1f73069 uvc-4604  uvc-heading-default-font-sizes\" data-hspacer=\"icon_only\"  data-halign=\"left\" style=\"text-align:left\"><div class=\"uvc-heading-spacer icon_only\" style=\"margin-top:30px;margin-bottom:5px;\"><div class=\"ult-just-icon-wrapper  \"><div class=\"align-icon\" style=\"text-align:left;\">\n<div class=\"aio-icon none \"  style=\"color:#3cb64a;font-size:20px;\">\n\t<i class=\"fas fa-user-friends\"><\/i>\n<\/div><\/div><\/div><\/div><div class=\"uvc-main-heading ult-responsive\"  data-ultimate-target='.uvc-heading.ultimate-heading-152069d7ac1f73069 h4'  data-responsive-json-new='{\"font-size\":\"\",\"line-height\":\"\"}' ><h4 style=\"--font-weight:theme;margin-bottom:10px;\">Employment<\/h4><\/div><div class=\"uvc-sub-heading ult-responsive\"  data-ultimate-target='.uvc-heading.ultimate-heading-152069d7ac1f73069 .uvc-sub-heading '  data-responsive-json-new='{\"font-size\":\"desktop:14px;\",\"line-height\":\"desktop:24px;\"}'  style=\"font-weight:normal;margin-bottom:30px;\">Conventional agriculture employment has been decreasing since 1970. The seasonal production of many crops does not provide a permanent employment. Since Plant Factory can perform indoor continuous production all the year-round, it will create a positive effect on providing permanent employment.<\/div><\/div>[\/vc_column_inner][\/vc_row_inner][\/vc_column][\/vc_row]<\/p>\n<\/div>","protected":false},"excerpt":{"rendered":"<p>[vc_row type=&#8221;vc_default&#8221; css=&#8221;.vc_custom_1600758056611{padding-top: 60px !important;padding-bottom: 60px !important;}&#8221;][vc_column width=&#8221;1\/2&#8243;][\/vc_column][vc_column width=&#8221;1\/2&#8243;][\/vc_column][\/vc_row][vc_row type=&#8221;vc_default&#8221; full_width=&#8221;stretch_row&#8221; bg_type=&#8221;bg_color&#8221; bg_color_value=&#8221;#f4f4f4&#8243; css=&#8221;.vc_custom_1600766835198{padding-top: 60px !important;padding-bottom: 60px !important;}&#8221;][vc_column width=&#8221;1\/2&#8243;][vc_row_inner equal_height=&#8221;yes&#8221;][vc_column_inner width=&#8221;1\/2&#8243; css=&#8221;.vc_custom_1600765885918{padding-right: 15px !important;}&#8221;][vc_single_image image=&#8221;219&#8243; img_size=&#8221;&#8221; image_hovers=&#8221;false&#8221; css=&#8221;.vc_custom_1600763468060{padding-bottom: 30px !important;}&#8221;][vc_single_image image=&#8221;220&#8243; img_size=&#8221;800&#215;540&#8243; image_hovers=&#8221;false&#8221;][\/vc_column_inner][vc_column_inner width=&#8221;1\/2&#8243; css=&#8221;.vc_custom_1600766259174{margin-right: 30px !important;margin-left: 15px !important;padding-top: 20px !important;padding-bottom: 20px !important;background-image: url(https:\/\/pf.dijitalgozluk.com\/wp-content\/uploads\/sites\/60\/2020\/09\/ciftlik-03.jpg?id=222) !important;background-position: center !important;background-repeat: no-repeat !important;background-size: cover !important;}&#8221;][\/vc_column_inner][\/vc_row_inner][\/vc_column][vc_column width=&#8221;1\/2&#8243;][\/vc_column][\/vc_row][vc_row type=&#8221;vc_default&#8221; css=&#8221;.vc_custom_1600767485578{padding-top: 60px&hellip;<\/p>\n","protected":false},"author":4,"featured_media":0,"parent":0,"menu_order":0,"comment_status":"closed","ping_status":"closed","template":"","meta":{"footnotes":""},"class_list":["post-165","page","type-page","status-publish","hentry","description-off"],"_links":{"self":[{"href":"https:\/\/plantfactory.company\/en\/wp-json\/wp\/v2\/pages\/165","targetHints":{"allow":["GET"]}}],"collection":[{"href":"https:\/\/plantfactory.company\/en\/wp-json\/wp\/v2\/pages"}],"about":[{"href":"https:\/\/plantfactory.company\/en\/wp-json\/wp\/v2\/types\/page"}],"author":[{"embeddable":true,"href":"https:\/\/plantfactory.company\/en\/wp-json\/wp\/v2\/users\/4"}],"replies":[{"embeddable":true,"href":"https:\/\/plantfactory.company\/en\/wp-json\/wp\/v2\/comments?post=165"}],"version-history":[{"count":5,"href":"https:\/\/plantfactory.company\/en\/wp-json\/wp\/v2\/pages\/165\/revisions"}],"predecessor-version":[{"id":2492,"href":"https:\/\/plantfactory.company\/en\/wp-json\/wp\/v2\/pages\/165\/revisions\/2492"}],"wp:attachment":[{"href":"https:\/\/plantfactory.company\/en\/wp-json\/wp\/v2\/media?parent=165"}],"curies":[{"name":"wp","href":"https:\/\/api.w.org\/{rel}","templated":true}]}}