{"id":2419,"date":"2023-02-27T18:12:10","date_gmt":"2023-02-27T15:12:10","guid":{"rendered":"https:\/\/plantfactory.company\/?page_id=2419"},"modified":"2024-03-08T02:39:14","modified_gmt":"2024-03-07T23:39:14","slug":"politikalarimiz","status":"publish","type":"page","link":"https:\/\/plantfactory.company\/en\/politikalarimiz\/","title":{"rendered":"Our Policies"},"content":{"rendered":"<div class=\"wpb-content-wrapper\"><p>[vc_row][vc_column width=&#8221;1\/5&#8243;][\/vc_column][vc_column width=&#8221;3\/5&#8243;][vc_empty_space][vc_column_text]<\/p>\n<h3 class=\"p1\">Entegre Y\u00f6netim Sistemi Politikam\u0131z<\/h3>\n<p class=\"p1\">Plant Factory; kentsel \u00fcretimi m\u00fcmk\u00fcn k\u0131lmak, toplumu sa\u011fl\u0131kl\u0131, besleyici ve lezzetli bitkilerle beslemek i\u00e7in; do\u011fa dostu teknolojik araziler kurarak tar\u0131msal \u00fcretimin ihtiya\u00e7 duydu\u011fu de\u011fi\u015fimi sa\u011flamay\u0131 ama\u00e7lamaktad\u0131r. Nihai \u00fcr\u00fcnler ve \u00fcretim sistemleri sa\u011flay\u0131c\u0131s\u0131 olarak, ba\u015fta g\u0131da \u00fcr\u00fcnleri olmak \u00fczere, teknoloji ve bilimden yararlanarak ihtiya\u00e7 duyulan t\u0131bbi ve aromatik bitkilerin verimli \u00fcretimi i\u00e7in gerekli ara\u015ft\u0131rma ve geli\u015ftirme faaliyetlerini ISO 9001, ISO 14001, ISO 45001 ve ISO 22000 standartlar\u0131na uygun olarak entegre bir y\u00f6netim sistemi kapsam\u0131nda uygulamay\u0131 misyon edinmi\u015ftir.<\/p>\n<h4 class=\"p1\">Kalite Y\u00f6netimi (ISO 9001):<\/h4>\n<ul>\n<li class=\"p1\">M\u00fc\u015fteri memnuniyetini sa\u011flamak ve s\u00fcrekli iyile\u015ftirmek i\u00e7in m\u00fc\u015fteri gereksinimlerini anlay\u0131p bunlar\u0131 kar\u015f\u0131layacak ve a\u015facak \u015fekilde hizmetler sunaca\u011f\u0131z.<\/li>\n<li class=\"p1\">S\u00fcre\u00e7lerimizi etkin bir \u015fekilde planlay\u0131p uygulayarak, kalite hedeflerimize ula\u015fmay\u0131 ve s\u00fcrekli iyile\u015ftirmeyi hedefliyoruz.<\/li>\n<li class=\"p1\">T\u00fcm \u00e7al\u0131\u015fanlar\u0131m\u0131z\u0131n kalite y\u00f6netim sistemi s\u00fcre\u00e7lerine kat\u0131l\u0131m\u0131n\u0131 te\u015fvik ediyor ve e\u011fitimlerle destekliyoruz.<\/li>\n<\/ul>\n<h4 class=\"p1\">\u00c7evre Y\u00f6netimi (ISO 14001):<\/h4>\n<ul>\n<li class=\"p1\">\u00c7evresel etkimizi azaltmak i\u00e7in kaynak kullan\u0131m\u0131n\u0131 verimli bir \u015fekilde y\u00f6netmeyi, at\u0131k \u00fcretimini minimize etmeyi ve kirlili\u011fi \u00f6nlemeyi taahh\u00fct ediyoruz.<\/li>\n<li class=\"p1\">Yasal ve di\u011fer gerekliliklere uymay\u0131 ve \u00e7evre performans\u0131m\u0131z\u0131 s\u00fcrekli iyile\u015ftirmeyi hedefliyoruz.<\/li>\n<li class=\"p1\">\u00c7evresel bilincin art\u0131r\u0131lmas\u0131 i\u00e7in \u00e7al\u0131\u015fanlar\u0131m\u0131z\u0131 ve tedarik\u00e7ilerimizi e\u011fitiyoruz.<\/li>\n<\/ul>\n<h4 class=\"p1\">\u0130\u015f Sa\u011fl\u0131\u011f\u0131 ve G\u00fcvenli\u011fi Y\u00f6netimi (ISO 45001):<\/h4>\n<ul>\n<li class=\"p1\">\u0130\u015f kazalar\u0131n\u0131 ve meslek hastal\u0131klar\u0131n\u0131 \u00f6nlemek i\u00e7in \u00e7al\u0131\u015fanlar\u0131n kat\u0131l\u0131m\u0131n\u0131 sa\u011flayarak i\u015f sa\u011fl\u0131\u011f\u0131 ve g\u00fcvenli\u011fi risklerini aktif bir \u015fekilde y\u00f6netmeyi taahh\u00fct ediyoruz.<\/li>\n<li class=\"p1\">\u00c7al\u0131\u015fma ortam\u0131n\u0131 s\u00fcrekli olarak g\u00f6zden ge\u00e7irerek g\u00fcvenli ve sa\u011fl\u0131kl\u0131 bir i\u015f ortam\u0131 sa\u011flamay\u0131 hedefliyoruz.<\/li>\n<li class=\"p1\">\u00c7al\u0131\u015fanlar\u0131m\u0131z\u0131n i\u015f sa\u011fl\u0131\u011f\u0131 ve g\u00fcvenli\u011fi konusunda bilin\u00e7lendirilmesini ve e\u011fitilmesini sa\u011fl\u0131yoruz.<\/li>\n<li>Yasal ve di\u011fer gerekliliklere uymay\u0131 ve \u0130SG performans\u0131m\u0131z\u0131 s\u00fcrekli iyile\u015ftirmeyi hedefliyoruz.<\/li>\n<\/ul>\n<h4 class=\"p1\">G\u0131da G\u00fcvenli\u011fi Y\u00f6netimi (ISO 22000):<\/h4>\n<ul>\n<li class=\"p1\">\u00dcr\u00fcnlerimizin t\u00fcm a\u015famalar\u0131nda g\u0131da g\u00fcvenli\u011fini sa\u011flamak i\u00e7in tehlike analizi ve kritik kontrol noktalar\u0131 (HACCP) prensiplerini uygular, ya\u015fanan uygunsuzluklar\u0131 raporlar\u0131z.<\/li>\n<li class=\"p1\">G\u0131da g\u00fcvenli\u011fi yasalar\u0131na, d\u00fczenlemelerine, m\u00fc\u015fteri istek ve beklentilerine tam uyum sa\u011flayarak, g\u00fcvenli g\u0131da tedariki yapmay\u0131 hedefliyoruz.<\/li>\n<li class=\"p1\">T\u00fcm \u00e7al\u0131\u015fanlar\u0131m\u0131z\u0131n g\u0131da g\u00fcvenli\u011fi konusunda fark\u0131ndal\u0131\u011f\u0131n\u0131 art\u0131rmak ve e\u011fitimlerle bilgi seviyelerini g\u00fc\u00e7lendirmek i\u00e7in s\u00fcrekli \u00e7aba g\u00f6steriyoruz.<\/li>\n<li>Toplum sa\u011fl\u0131\u011f\u0131n\u0131 etkileyecek durumlar ya\u015fand\u0131\u011f\u0131nda toplumu bilgilendiririz.<\/li>\n<li>G\u0131da G\u00fcvenli\u011fi performans\u0131m\u0131z\u0131 s\u00fcrekli iyile\u015ftirmeyi hedefliyoruz.<\/li>\n<li>G\u0131da g\u00fcvenli\u011fi ihlallerini en aza indirmeyi hedefleri.<\/li>\n<\/ul>\n<p class=\"p1\">Plant Factory olarak, entegre y\u00f6netim sistemimizin etkinli\u011fini s\u00fcrekli iyile\u015ftirerek t\u00fcm payda\u015flar\u0131m\u0131z i\u00e7in de\u011fer yaratmay\u0131 ama\u00e7l\u0131yoruz. Bu politika, \u015firketimizin her seviyesinde uygulanacak ve y\u0131ll\u0131k olarak g\u00f6zden ge\u00e7irilmektedir.<\/p>\n<p>[\/vc_column_text][vc_empty_space][\/vc_column][vc_column width=&#8221;1\/5&#8243;][\/vc_column][\/vc_row]<\/p>\n<\/div>","protected":false},"excerpt":{"rendered":"<p>[vc_row][vc_column width=&#8221;1\/5&#8243;][\/vc_column][vc_column width=&#8221;3\/5&#8243;][vc_empty_space][vc_column_text] Entegre Y\u00f6netim Sistemi Politikam\u0131z Plant Factory; kentsel \u00fcretimi m\u00fcmk\u00fcn k\u0131lmak, toplumu sa\u011fl\u0131kl\u0131, besleyici ve lezzetli bitkilerle beslemek i\u00e7in; do\u011fa dostu teknolojik araziler kurarak tar\u0131msal \u00fcretimin ihtiya\u00e7 duydu\u011fu de\u011fi\u015fimi sa\u011flamay\u0131 ama\u00e7lamaktad\u0131r. Nihai \u00fcr\u00fcnler ve \u00fcretim sistemleri sa\u011flay\u0131c\u0131s\u0131 olarak, ba\u015fta g\u0131da \u00fcr\u00fcnleri olmak \u00fczere, teknoloji ve bilimden yararlanarak ihtiya\u00e7 duyulan t\u0131bbi ve aromatik bitkilerin&hellip;<\/p>\n","protected":false},"author":4,"featured_media":0,"parent":0,"menu_order":0,"comment_status":"closed","ping_status":"closed","template":"","meta":{"footnotes":""},"class_list":["post-2419","page","type-page","status-publish","hentry","description-off"],"_links":{"self":[{"href":"https:\/\/plantfactory.company\/en\/wp-json\/wp\/v2\/pages\/2419","targetHints":{"allow":["GET"]}}],"collection":[{"href":"https:\/\/plantfactory.company\/en\/wp-json\/wp\/v2\/pages"}],"about":[{"href":"https:\/\/plantfactory.company\/en\/wp-json\/wp\/v2\/types\/page"}],"author":[{"embeddable":true,"href":"https:\/\/plantfactory.company\/en\/wp-json\/wp\/v2\/users\/4"}],"replies":[{"embeddable":true,"href":"https:\/\/plantfactory.company\/en\/wp-json\/wp\/v2\/comments?post=2419"}],"version-history":[{"count":5,"href":"https:\/\/plantfactory.company\/en\/wp-json\/wp\/v2\/pages\/2419\/revisions"}],"predecessor-version":[{"id":6037,"href":"https:\/\/plantfactory.company\/en\/wp-json\/wp\/v2\/pages\/2419\/revisions\/6037"}],"wp:attachment":[{"href":"https:\/\/plantfactory.company\/en\/wp-json\/wp\/v2\/media?parent=2419"}],"curies":[{"name":"wp","href":"https:\/\/api.w.org\/{rel}","templated":true}]}}