{"id":659,"date":"2021-01-22T15:56:52","date_gmt":"2021-01-22T12:56:52","guid":{"rendered":"https:\/\/plantfactory.company\/?page_id=659"},"modified":"2021-02-03T07:37:03","modified_gmt":"2021-02-03T04:37:03","slug":"pf001-uretim-canli-yayin","status":"publish","type":"page","link":"https:\/\/plantfactory.company\/en\/hakkimizda\/pf001-uretim-canli-yayin\/","title":{"rendered":"PF001: \u00dcretim (Canl\u0131 Yay\u0131n)"},"content":{"rendered":"<div class=\"wpb-content-wrapper\"><p>[vc_row][vc_column][vc_empty_space][vc_column_text]<iframe loading=\"lazy\" src=\"https:\/\/rtsp.me\/embed\/GFkzAGzK\/\" width=\"100%\" height=\"480\" frameborder=\"0\" allowfullscreen=\"allowfullscreen\"><\/iframe>[\/vc_column_text][vc_empty_space][\/vc_column][\/vc_row]<\/p>\n<\/div>","protected":false},"excerpt":{"rendered":"<p>[vc_row][vc_column][vc_empty_space][vc_column_text][\/vc_column_text][vc_empty_space][\/vc_column][\/vc_row]<\/p>\n","protected":false},"author":4,"featured_media":0,"parent":165,"menu_order":0,"comment_status":"closed","ping_status":"closed","template":"","meta":{"footnotes":""},"class_list":["post-659","page","type-page","status-publish","hentry","description-off"],"_links":{"self":[{"href":"https:\/\/plantfactory.company\/en\/wp-json\/wp\/v2\/pages\/659","targetHints":{"allow":["GET"]}}],"collection":[{"href":"https:\/\/plantfactory.company\/en\/wp-json\/wp\/v2\/pages"}],"about":[{"href":"https:\/\/plantfactory.company\/en\/wp-json\/wp\/v2\/types\/page"}],"author":[{"embeddable":true,"href":"https:\/\/plantfactory.company\/en\/wp-json\/wp\/v2\/users\/4"}],"replies":[{"embeddable":true,"href":"https:\/\/plantfactory.company\/en\/wp-json\/wp\/v2\/comments?post=659"}],"version-history":[{"count":5,"href":"https:\/\/plantfactory.company\/en\/wp-json\/wp\/v2\/pages\/659\/revisions"}],"predecessor-version":[{"id":686,"href":"https:\/\/plantfactory.company\/en\/wp-json\/wp\/v2\/pages\/659\/revisions\/686"}],"up":[{"embeddable":true,"href":"https:\/\/plantfactory.company\/en\/wp-json\/wp\/v2\/pages\/165"}],"wp:attachment":[{"href":"https:\/\/plantfactory.company\/en\/wp-json\/wp\/v2\/media?parent=659"}],"curies":[{"name":"wp","href":"https:\/\/api.w.org\/{rel}","templated":true}]}}