{"id":6903,"date":"2024-07-09T18:26:08","date_gmt":"2024-07-09T15:26:08","guid":{"rendered":"https:\/\/plantfactory.company\/?page_id=6903"},"modified":"2024-12-06T11:02:44","modified_gmt":"2024-12-06T08:02:44","slug":"online-siparis","status":"publish","type":"page","link":"https:\/\/plantfactory.company\/en\/online-siparis\/","title":{"rendered":"(Turkish) Online Sipari\u015f"},"content":{"rendered":"<div class=\"wpb-content-wrapper\"><p>[vc_row type=&#8221;vc_default&#8221; margin_top=&#8221;60px&#8221; margin_bottom=&#8221;60px&#8221; css=&#8221;.vc_custom_1720539119844{padding-top: 60px !important;padding-bottom: 60px !important;}&#8221;][vc_column width=&#8221;1\/3&#8243;]<div id=\"ultimate-heading-465369e11eed8d903\" class=\"uvc-heading ult-adjust-bottom-margin ultimate-heading-465369e11eed8d903 uvc-3179  uvc-heading-default-font-sizes\" data-hspacer=\"no_spacer\"  data-halign=\"left\" style=\"text-align:left\"><div class=\"uvc-heading-spacer no_spacer\" style=\"top\"><\/div><div class=\"uvc-main-heading ult-responsive\"  data-ultimate-target='.uvc-heading.ultimate-heading-465369e11eed8d903 h2'  data-responsive-json-new='{\"font-size\":\"\",\"line-height\":\"\"}' ><h2 style=\"--font-weight:theme;margin-bottom:20px;\">Online Sipari\u015f<\/h2><\/div><div class=\"uvc-sub-heading ult-responsive\"  data-ultimate-target='.uvc-heading.ultimate-heading-465369e11eed8d903 .uvc-sub-heading '  data-responsive-json-new='{\"font-size\":\"\",\"line-height\":\"\"}'  style=\"font-weight:normal;\">\u00dcr\u00fcnlerimizi a\u015fa\u011f\u0131daki internet siteleri ve uygulamalar \u00fczerinden online olarak sipari\u015f edebilirsiniz:<\/p>\n<ul>\n<li><a href=\"https:\/\/m2bf.adj.st\/plant-factory-b-1c98?adj_t=1ewmvot9&amp;adj_redirect=https%3A%2F%2Fwww.tazedirekt.com%2Fplant-factory-b-1c98%3Futm_source%3Dpartnership%26utm_medium%3Dplant-factory%26utm_campaign%3Dtd_plant_factory\" target=\"_blank\" rel=\"noopener\">tazedirekt.com<\/a><\/li>\n<li><a href=\"https:\/\/www.tazemasa.com\/plant-factory-485\" target=\"_blank\" rel=\"noopener\">tazemasa.com<\/a><\/li>\n<li><a href=\"https:\/\/fuudy.co\/m\/marketCategory\/7615\" target=\"_blank\" rel=\"noopener\">fuudy.co<\/a><\/li>\n<\/ul>\n<p><\/div><\/div>[\/vc_column][vc_column width=&#8221;2\/3&#8243;][vc_single_image image=&#8221;6884&#8243; img_size=&#8221;full&#8221; alignment=&#8221;right&#8221; onclick=&#8221;custom_link&#8221; img_link_target=&#8221;_blank&#8221; css=&#8221;.vc_custom_1720539160293{margin-top: 0px !important;margin-right: 0px !important;margin-bottom: 0px !important;margin-left: 0px !important;padding-top: 0px !important;padding-right: 0px !important;padding-bottom: 0px !important;padding-left: 0px !important;}&#8221; link=&#8221;https:\/\/m2bf.adj.st\/plant-factory-b-1c98?adj_t=1ewmvot9&amp;adj_redirect=https%3A%2F%2Fwww.tazedirekt.com%2Fplant-factory-b-1c98%3Futm_source%3Dpartnership%26utm_medium%3Dplant-factory%26utm_campaign%3Dtd_plant_factory&#8221;][\/vc_column][\/vc_row]<\/p>\n<\/div>","protected":false},"excerpt":{"rendered":"<p>[vc_row type=&#8221;vc_default&#8221; margin_top=&#8221;60px&#8221; margin_bottom=&#8221;60px&#8221; css=&#8221;.vc_custom_1720539119844{padding-top: 60px !important;padding-bottom: 60px !important;}&#8221;][vc_column width=&#8221;1\/3&#8243;][\/vc_column][vc_column width=&#8221;2\/3&#8243;][vc_single_image image=&#8221;6884&#8243; img_size=&#8221;full&#8221; alignment=&#8221;right&#8221; onclick=&#8221;custom_link&#8221; img_link_target=&#8221;_blank&#8221; css=&#8221;.vc_custom_1720539160293{margin-top: 0px !important;margin-right: 0px !important;margin-bottom: 0px !important;margin-left: 0px !important;padding-top: 0px !important;padding-right: 0px !important;padding-bottom: 0px !important;padding-left: 0px !important;}&#8221; link=&#8221;https:\/\/m2bf.adj.st\/plant-factory-b-1c98?adj_t=1ewmvot9&amp;adj_redirect=https%3A%2F%2Fwww.tazedirekt.com%2Fplant-factory-b-1c98%3Futm_source%3Dpartnership%26utm_medium%3Dplant-factory%26utm_campaign%3Dtd_plant_factory&#8221;][\/vc_column][\/vc_row]<\/p>\n","protected":false},"author":4,"featured_media":0,"parent":0,"menu_order":0,"comment_status":"closed","ping_status":"closed","template":"","meta":{"footnotes":""},"class_list":["post-6903","page","type-page","status-publish","hentry","description-off"],"_links":{"self":[{"href":"https:\/\/plantfactory.company\/en\/wp-json\/wp\/v2\/pages\/6903","targetHints":{"allow":["GET"]}}],"collection":[{"href":"https:\/\/plantfactory.company\/en\/wp-json\/wp\/v2\/pages"}],"about":[{"href":"https:\/\/plantfactory.company\/en\/wp-json\/wp\/v2\/types\/page"}],"author":[{"embeddable":true,"href":"https:\/\/plantfactory.company\/en\/wp-json\/wp\/v2\/users\/4"}],"replies":[{"embeddable":true,"href":"https:\/\/plantfactory.company\/en\/wp-json\/wp\/v2\/comments?post=6903"}],"version-history":[{"count":5,"href":"https:\/\/plantfactory.company\/en\/wp-json\/wp\/v2\/pages\/6903\/revisions"}],"predecessor-version":[{"id":7549,"href":"https:\/\/plantfactory.company\/en\/wp-json\/wp\/v2\/pages\/6903\/revisions\/7549"}],"wp:attachment":[{"href":"https:\/\/plantfactory.company\/en\/wp-json\/wp\/v2\/media?parent=6903"}],"curies":[{"name":"wp","href":"https:\/\/api.w.org\/{rel}","templated":true}]}}